{"id":4701,"date":"2022-06-20T17:17:38","date_gmt":"2022-06-20T23:17:38","guid":{"rendered":"https:\/\/donativosinteligentes.com\/wd\/?page_id=4701"},"modified":"2023-10-12T14:22:04","modified_gmt":"2023-10-12T20:22:04","slug":"encuesta-a-donadores","status":"publish","type":"page","link":"https:\/\/donativosinteligentes.com\/wd\/encuesta-a-donadores\/","title":{"rendered":"Encuesta a Donadores"},"content":{"rendered":"\t\t<div data-elementor-type=\"wp-page\" data-elementor-id=\"4701\" class=\"elementor elementor-4701\" data-elementor-post-type=\"page\">\n\t\t\t\t<div class=\"has_eae_slider elementor-element elementor-element-b374d16 e-flex e-con-boxed e-con e-parent\" data-eae-slider=\"2068\" data-id=\"b374d16\" data-element_type=\"container\" data-e-type=\"container\">\n\t\t\t\t\t<div class=\"e-con-inner\">\n\t\t<div class=\"has_eae_slider elementor-element elementor-element-cfe5f8b e-con-full e-flex e-con e-child\" data-eae-slider=\"56594\" data-id=\"cfe5f8b\" data-element_type=\"container\" data-e-type=\"container\">\n\t\t\t\t<\/div>\n\t\t\t\t\t<\/div>\n\t\t\t\t<\/div>\n\t\t<div class=\"has_eae_slider elementor-element elementor-element-b274819 e-flex e-con-boxed e-con e-parent\" data-eae-slider=\"30894\" data-id=\"b274819\" data-element_type=\"container\" data-e-type=\"container\">\n\t\t\t\t\t<div class=\"e-con-inner\">\n\t\t<div class=\"has_eae_slider elementor-element elementor-element-b6fd9b9 e-con-full e-flex e-con e-child\" data-eae-slider=\"98112\" data-id=\"b6fd9b9\" data-element_type=\"container\" data-e-type=\"container\">\n\t\t\t\t<div class=\"elementor-element elementor-element-fce0f9f elementor-widget elementor-widget-heading\" data-id=\"fce0f9f\" data-element_type=\"widget\" data-e-type=\"widget\" data-widget_type=\"heading.default\">\n\t\t\t\t<div class=\"elementor-widget-container\">\n\t\t\t\t\t<h2 class=\"elementor-heading-title elementor-size-default\">Encuesta a Donadores<\/h2>\t\t\t\t<\/div>\n\t\t\t\t<\/div>\n\t\t\t\t<div class=\"elementor-element elementor-element-ff714e5 elementor-widget elementor-widget-shortcode\" data-id=\"ff714e5\" data-element_type=\"widget\" data-e-type=\"widget\" data-widget_type=\"shortcode.default\">\n\t\t\t\t<div class=\"elementor-widget-container\">\n\t\t\t\t\t\t\t<div class=\"elementor-shortcode\">\n<div class=\"wpcf7 no-js\" id=\"wpcf7-f4706-o1\" lang=\"en-US\" dir=\"ltr\" data-wpcf7-id=\"4706\">\n<div class=\"screen-reader-response\"><p role=\"status\" aria-live=\"polite\" aria-atomic=\"true\"><\/p> <ul><\/ul><\/div>\n<form action=\"\/wd\/wp-json\/wp\/v2\/pages\/4701#wpcf7-f4706-o1\" method=\"post\" class=\"wpcf7-form init\" aria-label=\"Contact form\" novalidate=\"novalidate\" data-status=\"init\">\n<fieldset class=\"hidden-fields-container\"><input type=\"hidden\" name=\"_wpcf7\" value=\"4706\" \/><input type=\"hidden\" name=\"_wpcf7_version\" value=\"6.1.5\" \/><input type=\"hidden\" name=\"_wpcf7_locale\" value=\"en_US\" \/><input type=\"hidden\" name=\"_wpcf7_unit_tag\" value=\"wpcf7-f4706-o1\" \/><input type=\"hidden\" name=\"_wpcf7_container_post\" value=\"0\" \/><input type=\"hidden\" name=\"_wpcf7_posted_data_hash\" value=\"\" \/><input type=\"hidden\" name=\"_wpcf7cf_hidden_group_fields\" value=\"[]\" \/><input type=\"hidden\" name=\"_wpcf7cf_hidden_groups\" value=\"[]\" \/><input type=\"hidden\" name=\"_wpcf7cf_visible_groups\" value=\"[]\" \/><input type=\"hidden\" name=\"_wpcf7cf_repeaters\" value=\"[]\" \/><input type=\"hidden\" name=\"_wpcf7cf_steps\" value=\"{}\" \/><input type=\"hidden\" name=\"_wpcf7cf_options\" value=\"{&quot;form_id&quot;:4706,&quot;conditions&quot;:[{&quot;then_field&quot;:&quot;group-333&quot;,&quot;and_rules&quot;:[{&quot;if_field&quot;:&quot;hazdonado&quot;,&quot;operator&quot;:&quot;equals&quot;,&quot;if_value&quot;:&quot;No&quot;}]},{&quot;then_field&quot;:&quot;group-334&quot;,&quot;and_rules&quot;:[{&quot;if_field&quot;:&quot;recibes&quot;,&quot;operator&quot;:&quot;equals&quot;,&quot;if_value&quot;:&quot;Otro&quot;}]},{&quot;then_field&quot;:&quot;group-335&quot;,&quot;and_rules&quot;:[{&quot;if_field&quot;:&quot;beneficios&quot;,&quot;operator&quot;:&quot;equals&quot;,&quot;if_value&quot;:&quot;Otro&quot;}]}],&quot;settings&quot;:{&quot;animation&quot;:&quot;yes&quot;,&quot;animation_intime&quot;:200,&quot;animation_outtime&quot;:200,&quot;conditions_ui&quot;:&quot;normal&quot;,&quot;notice_dismissed&quot;:false}}\" \/><input type=\"hidden\" name=\"_wpcf7_recaptcha_response\" value=\"\" \/>\n<\/fieldset>\n<p><label> Nombre completo: <span style=\"color: #ff0000;\">*<\/span><br \/>\n<span class=\"wpcf7-form-control-wrap\" data-name=\"llenonombre\"><input size=\"40\" maxlength=\"400\" class=\"wpcf7-form-control wpcf7-text wpcf7-validates-as-required\" aria-required=\"true\" aria-invalid=\"false\" value=\"\" type=\"text\" name=\"llenonombre\" \/><\/span> <\/label>\n<\/p>\n<p><label> \u00bfHaz donado por medio de Donativos Inteligentes?: <span style=\"color: #ff0000;\">*<\/span><\/label><br \/>\n<span class=\"wpcf7-form-control-wrap\" data-name=\"hazdonado\"><span class=\"wpcf7-form-control wpcf7-checkbox wpcf7-validates-as-required wpcf7-exclusive-checkbox\"><span class=\"wpcf7-list-item first\"><label><input type=\"checkbox\" name=\"hazdonado\" value=\"S\u00ed\" \/><span class=\"wpcf7-list-item-label\">S\u00ed<\/span><\/label><\/span><span class=\"wpcf7-list-item last\"><label><input type=\"checkbox\" name=\"hazdonado\" value=\"No\" \/><span class=\"wpcf7-list-item-label\">No<\/span><\/label><\/span><\/span><\/span>\n<\/p>\n<div data-id=\"group-333\" data-orig_data_id=\"group-333\"  class=\"\" data-class=\"wpcf7cf_group\">\n\t<p><label> \u00bfPor qu\u00e9 no?: <span style=\"color: #ff0000;\">*<\/span><\/label><br \/>\n<span class=\"wpcf7-form-control-wrap\" data-name=\"hazdonadono\"><textarea cols=\"40\" rows=\"10\" maxlength=\"2000\" class=\"wpcf7-form-control wpcf7-textarea wpcf7-validates-as-required\" aria-required=\"true\" aria-invalid=\"false\" name=\"hazdonadono\"><\/textarea><\/span>\n\t<\/p>\n<\/div>\n<p><label> \u00bfCu\u00e1les son tus preferencias a la hora de donar? <span style=\"color: #ff0000;\">*<\/span><\/label><br \/>\n<span class=\"wpcf7-form-control-wrap\" data-name=\"preferencias\"><span class=\"wpcf7-form-control wpcf7-checkbox wpcf7-validates-as-required\"><span class=\"wpcf7-list-item first\"><input type=\"checkbox\" name=\"preferencias[]\" value=\"Directo a la instituci\u00f3n\" \/><span class=\"wpcf7-list-item-label\">Directo a la instituci\u00f3n<\/span><\/span><span class=\"wpcf7-list-item\"><input type=\"checkbox\" name=\"preferencias[]\" value=\"Productos\" \/><span class=\"wpcf7-list-item-label\">Productos<\/span><\/span><span class=\"wpcf7-list-item\"><input type=\"checkbox\" name=\"preferencias[]\" value=\"Proyectos o Campa\u00f1as\" \/><span class=\"wpcf7-list-item-label\">Proyectos o Campa\u00f1as<\/span><\/span><span class=\"wpcf7-list-item last\"><input type=\"checkbox\" name=\"preferencias[]\" value=\"Paquetes a varias instituciones\" \/><span class=\"wpcf7-list-item-label\">Paquetes a varias instituciones<\/span><\/span><\/span><\/span>\n<\/p>\n<p><label> \u00bfPor medio de qui\u00e9n recibes la informaci\u00f3n que te impulsa a donar? <span style=\"color: #ff0000;\">*<\/span><\/label><br \/>\n<span class=\"wpcf7-form-control-wrap\" data-name=\"recibes\"><span class=\"wpcf7-form-control wpcf7-checkbox wpcf7-validates-as-required\"><span class=\"wpcf7-list-item first\"><input type=\"checkbox\" name=\"recibes[]\" value=\"Por medio del mail de Donativos Inteligentes\" \/><span class=\"wpcf7-list-item-label\">Por medio del mail de Donativos Inteligentes<\/span><\/span><span class=\"wpcf7-list-item\"><input type=\"checkbox\" name=\"recibes[]\" value=\"Por medio de las instituciones\" \/><span class=\"wpcf7-list-item-label\">Por medio de las instituciones<\/span><\/span><span class=\"wpcf7-list-item\"><input type=\"checkbox\" name=\"recibes[]\" value=\"Por cadenas de difusi\u00f3n en redes\" \/><span class=\"wpcf7-list-item-label\">Por cadenas de difusi\u00f3n en redes<\/span><\/span><span class=\"wpcf7-list-item\"><input type=\"checkbox\" name=\"recibes[]\" value=\"Alg\u00fan amigo\" \/><span class=\"wpcf7-list-item-label\">Alg\u00fan amigo<\/span><\/span><span class=\"wpcf7-list-item last\"><input type=\"checkbox\" name=\"recibes[]\" value=\"Otro\" \/><span class=\"wpcf7-list-item-label\">Otro<\/span><\/span><\/span><\/span>\n<\/p>\n<div data-id=\"group-334\" data-orig_data_id=\"group-334\"  class=\"\" data-class=\"wpcf7cf_group\">\n\t<p><label> \u00bfC\u00faales?: <span style=\"color: #ff0000;\">*<\/span><br \/>\n<span class=\"wpcf7-form-control-wrap\" data-name=\"recibesotro\"><textarea cols=\"40\" rows=\"10\" maxlength=\"2000\" class=\"wpcf7-form-control wpcf7-textarea wpcf7-validates-as-required\" aria-required=\"true\" aria-invalid=\"false\" name=\"recibesotro\"><\/textarea><\/span> <\/label>\n\t<\/p>\n<\/div>\n<p><label> \u00bfQu\u00e9 beneficios consideras atractivos a la hora de donar? <span style=\"color: #ff0000;\">*<\/span><\/label><br \/>\n<span class=\"wpcf7-form-control-wrap\" data-name=\"beneficios\"><span class=\"wpcf7-form-control wpcf7-checkbox wpcf7-validates-as-required\"><span class=\"wpcf7-list-item first\"><input type=\"checkbox\" name=\"beneficios[]\" value=\"Posibilidad de donar a muchas instituciones al mismo tiempo\" \/><span class=\"wpcf7-list-item-label\">Posibilidad de donar a muchas instituciones al mismo tiempo<\/span><\/span><span class=\"wpcf7-list-item\"><input type=\"checkbox\" name=\"beneficios[]\" value=\"Me d\u00e1 confianza que las instituciones presentes est\u00e1n verificadas\" \/><span class=\"wpcf7-list-item-label\">Me d\u00e1 confianza que las instituciones presentes est\u00e1n verificadas<\/span><\/span><span class=\"wpcf7-list-item\"><input type=\"checkbox\" name=\"beneficios[]\" value=\"Diferentes formas de pago\" \/><span class=\"wpcf7-list-item-label\">Diferentes formas de pago<\/span><\/span><span class=\"wpcf7-list-item\"><input type=\"checkbox\" name=\"beneficios[]\" value=\"Donativos recurrentes\" \/><span class=\"wpcf7-list-item-label\">Donativos recurrentes<\/span><\/span><span class=\"wpcf7-list-item\"><input type=\"checkbox\" name=\"beneficios[]\" value=\"Tu historial de donativos\" \/><span class=\"wpcf7-list-item-label\">Tu historial de donativos<\/span><\/span><span class=\"wpcf7-list-item last\"><input type=\"checkbox\" name=\"beneficios[]\" value=\"Otro\" \/><span class=\"wpcf7-list-item-label\">Otro<\/span><\/span><\/span><\/span>\n<\/p>\n<div data-id=\"group-335\" data-orig_data_id=\"group-335\"  class=\"\" data-class=\"wpcf7cf_group\">\n\t<p><label> \u00bfC\u00faales?: <span style=\"color: #ff0000;\">*<\/span><br \/>\n<span class=\"wpcf7-form-control-wrap\" data-name=\"beneficiosotro\"><textarea cols=\"40\" rows=\"10\" maxlength=\"2000\" class=\"wpcf7-form-control wpcf7-textarea wpcf7-validates-as-required\" aria-required=\"true\" aria-invalid=\"false\" name=\"beneficiosotro\"><\/textarea><\/span> <\/label>\n\t<\/p>\n<\/div>\n<p><label> \u00bfQu\u00e9 te parece la parte visual y el dise\u00f1o de la plataforma? <span style=\"color: #ff0000;\">*<\/span><\/label><br \/>\n<span class=\"wpcf7-form-control-wrap\" data-name=\"visual\"><span class=\"wpcf7-form-control wpcf7-checkbox wpcf7-validates-as-required wpcf7-exclusive-checkbox\"><span class=\"wpcf7-list-item first\"><input type=\"checkbox\" name=\"visual\" value=\"1 Muy mala\" \/><span class=\"wpcf7-list-item-label\">1 Muy mala<\/span><\/span><span class=\"wpcf7-list-item\"><input type=\"checkbox\" name=\"visual\" value=\"2\" \/><span class=\"wpcf7-list-item-label\">2<\/span><\/span><span class=\"wpcf7-list-item\"><input type=\"checkbox\" name=\"visual\" value=\"3\" \/><span class=\"wpcf7-list-item-label\">3<\/span><\/span><span class=\"wpcf7-list-item\"><input type=\"checkbox\" name=\"visual\" value=\"4\" \/><span class=\"wpcf7-list-item-label\">4<\/span><\/span><span class=\"wpcf7-list-item last\"><input type=\"checkbox\" name=\"visual\" value=\"5 Muy buena\" \/><span class=\"wpcf7-list-item-label\">5 Muy buena<\/span><\/span><\/span><\/span>\n<\/p>\n<p><label> \u00bfQu\u00e9 tan f\u00e1cil o dif\u00edcil te parece usarla? <span style=\"color: #ff0000;\">*<\/span><\/label><br \/>\n<span class=\"wpcf7-form-control-wrap\" data-name=\"uso\"><span class=\"wpcf7-form-control wpcf7-checkbox wpcf7-validates-as-required wpcf7-exclusive-checkbox\"><span class=\"wpcf7-list-item first\"><input type=\"checkbox\" name=\"uso\" value=\"1 Muy f\u00e1cil\" \/><span class=\"wpcf7-list-item-label\">1 Muy f\u00e1cil<\/span><\/span><span class=\"wpcf7-list-item\"><input type=\"checkbox\" name=\"uso\" value=\"2\" \/><span class=\"wpcf7-list-item-label\">2<\/span><\/span><span class=\"wpcf7-list-item\"><input type=\"checkbox\" name=\"uso\" value=\"3\" \/><span class=\"wpcf7-list-item-label\">3<\/span><\/span><span class=\"wpcf7-list-item\"><input type=\"checkbox\" name=\"uso\" value=\"4\" \/><span class=\"wpcf7-list-item-label\">4<\/span><\/span><span class=\"wpcf7-list-item last\"><input type=\"checkbox\" name=\"uso\" value=\"5 Muy dif\u00edcil\" \/><span class=\"wpcf7-list-item-label\">5 Muy dif\u00edcil<\/span><\/span><\/span><\/span>\n<\/p>\n<p><label> \u00bfQu\u00e9 porcentaje de tus donativos haces por medio de Donativos Inteligentes? <span style=\"color: #ff0000;\">*<\/span><\/label><br \/>\n<span class=\"wpcf7-form-control-wrap\" data-name=\"porcentaje\"><span class=\"wpcf7-form-control wpcf7-checkbox wpcf7-validates-as-required wpcf7-exclusive-checkbox\"><span class=\"wpcf7-list-item first\"><input type=\"checkbox\" name=\"porcentaje\" value=\"Todos\" \/><span class=\"wpcf7-list-item-label\">Todos<\/span><\/span><span class=\"wpcf7-list-item\"><input type=\"checkbox\" name=\"porcentaje\" value=\"La mayor\u00eda\" \/><span class=\"wpcf7-list-item-label\">La mayor\u00eda<\/span><\/span><span class=\"wpcf7-list-item\"><input type=\"checkbox\" name=\"porcentaje\" value=\"La mitad\" \/><span class=\"wpcf7-list-item-label\">La mitad<\/span><\/span><span class=\"wpcf7-list-item\"><input type=\"checkbox\" name=\"porcentaje\" value=\"Muy pocos\" \/><span class=\"wpcf7-list-item-label\">Muy pocos<\/span><\/span><span class=\"wpcf7-list-item last\"><input type=\"checkbox\" name=\"porcentaje\" value=\"Ninguno\" \/><span class=\"wpcf7-list-item-label\">Ninguno<\/span><\/span><\/span><\/span>\n<\/p>\n<p><label> \u00bfQu\u00e9 razones te impiden aprovechar m\u00e1s la plataforma?: <span style=\"color: #ff0000;\">*<\/span><br \/>\n<span class=\"wpcf7-form-control-wrap\" data-name=\"razonesimpiden\"><textarea cols=\"40\" rows=\"10\" maxlength=\"2000\" class=\"wpcf7-form-control wpcf7-textarea wpcf7-validates-as-required\" aria-required=\"true\" aria-invalid=\"false\" name=\"razonesimpiden\"><\/textarea><\/span><\/label>\n<\/p>\n<p><label> Enlista al menos 3 ventajas de Donar en Donativos Inteligentes: <span style=\"color: #ff0000;\">*<\/span><br \/>\n<span class=\"wpcf7-form-control-wrap\" data-name=\"ventajas\"><textarea cols=\"40\" rows=\"10\" maxlength=\"2000\" class=\"wpcf7-form-control wpcf7-textarea wpcf7-validates-as-required\" aria-required=\"true\" aria-invalid=\"false\" name=\"ventajas\"><\/textarea><\/span> <\/label>\n<\/p>\n<p><label> Si encontraste alguna desventaja, descr\u00edbela: <span style=\"color: #ff0000;\">*<\/span><br \/>\n<span class=\"wpcf7-form-control-wrap\" data-name=\"desventajas\"><textarea cols=\"40\" rows=\"10\" maxlength=\"2000\" class=\"wpcf7-form-control wpcf7-textarea wpcf7-validates-as-required\" aria-required=\"true\" aria-invalid=\"false\" name=\"desventajas\"><\/textarea><\/span> <\/label>\n<\/p>\n<p><label> \u00bfCu\u00e1les consideras que son las areas de oportunidad de Donativos Inteligentes?: <span style=\"color: #ff0000;\">*<\/span><br \/>\n<span class=\"wpcf7-form-control-wrap\" data-name=\"areasoportunidad\"><textarea cols=\"40\" rows=\"10\" maxlength=\"2000\" class=\"wpcf7-form-control wpcf7-textarea wpcf7-validates-as-required\" aria-required=\"true\" aria-invalid=\"false\" name=\"areasoportunidad\"><\/textarea><\/span> <\/label>\n<\/p>\n<p><label> \u00bfAlg\u00fan comentario adicional?: <span style=\"color: #ff0000;\"><\/span><br \/>\n<span class=\"wpcf7-form-control-wrap\" data-name=\"comentario\"><textarea cols=\"40\" rows=\"10\" maxlength=\"2000\" class=\"wpcf7-form-control wpcf7-textarea\" aria-invalid=\"false\" name=\"comentario\"><\/textarea><\/span><\/label>\n<\/p>\n<hr \/>\n\n<p><input class=\"wpcf7-form-control wpcf7-submit has-spinner\" type=\"submit\" value=\"Enviar\" \/>\n<\/p><div class=\"wpcf7-response-output\" aria-hidden=\"true\"><\/div>\n<\/form>\n<\/div>\n<\/div>\n\t\t\t\t\t\t<\/div>\n\t\t\t\t<\/div>\n\t\t\t\t<\/div>\n\t\t\t\t\t<\/div>\n\t\t\t\t<\/div>\n\t\t<div class=\"has_eae_slider elementor-element elementor-element-0f69b53 e-flex e-con-boxed e-con e-parent\" data-eae-slider=\"28535\" data-id=\"0f69b53\" data-element_type=\"container\" data-e-type=\"container\">\n\t\t\t\t\t<div class=\"e-con-inner\">\n\t\t<div class=\"has_eae_slider elementor-element elementor-element-d22f196 e-con-full e-flex e-con e-child\" data-eae-slider=\"66813\" data-id=\"d22f196\" data-element_type=\"container\" data-e-type=\"container\">\n\t\t\t\t<\/div>\n\t\t\t\t\t<\/div>\n\t\t\t\t<\/div>\n\t\t\t\t<\/div>\n\t\t","protected":false},"excerpt":{"rendered":"","protected":false},"author":5,"featured_media":0,"parent":0,"menu_order":0,"comment_status":"closed","ping_status":"closed","template":"elementor_canvas","meta":{"_acf_changed":false,"ocean_post_layout":"","ocean_both_sidebars_style":"","ocean_both_sidebars_content_width":0,"ocean_both_sidebars_sidebars_width":0,"ocean_sidebar":"0","ocean_second_sidebar":"0","ocean_disable_margins":"enable","ocean_add_body_class":"","ocean_shortcode_before_top_bar":"","ocean_shortcode_after_top_bar":"","ocean_shortcode_before_header":"","ocean_shortcode_after_header":"","ocean_has_shortcode":"","ocean_shortcode_after_title":"","ocean_shortcode_before_footer_widgets":"","ocean_shortcode_after_footer_widgets":"","ocean_shortcode_before_footer_bottom":"","ocean_shortcode_after_footer_bottom":"","ocean_display_top_bar":"default","ocean_display_header":"default","ocean_header_style":"","ocean_center_header_left_menu":"0","ocean_custom_header_template":"0","ocean_custom_logo":0,"ocean_custom_retina_logo":0,"ocean_custom_logo_max_width":0,"ocean_custom_logo_tablet_max_width":0,"ocean_custom_logo_mobile_max_width":0,"ocean_custom_logo_max_height":0,"ocean_custom_logo_tablet_max_height":0,"ocean_custom_logo_mobile_max_height":0,"ocean_header_custom_menu":"0","ocean_menu_typo_font_family":"0","ocean_menu_typo_font_subset":"","ocean_menu_typo_font_size":0,"ocean_menu_typo_font_size_tablet":0,"ocean_menu_typo_font_size_mobile":0,"ocean_menu_typo_font_size_unit":"px","ocean_menu_typo_font_weight":"","ocean_menu_typo_font_weight_tablet":"","ocean_menu_typo_font_weight_mobile":"","ocean_menu_typo_transform":"","ocean_menu_typo_transform_tablet":"","ocean_menu_typo_transform_mobile":"","ocean_menu_typo_line_height":0,"ocean_menu_typo_line_height_tablet":0,"ocean_menu_typo_line_height_mobile":0,"ocean_menu_typo_line_height_unit":"","ocean_menu_typo_spacing":0,"ocean_menu_typo_spacing_tablet":0,"ocean_menu_typo_spacing_mobile":0,"ocean_menu_typo_spacing_unit":"","ocean_menu_link_color":"","ocean_menu_link_color_hover":"","ocean_menu_link_color_active":"","ocean_menu_link_background":"","ocean_menu_link_hover_background":"","ocean_menu_link_active_background":"","ocean_menu_social_links_bg":"","ocean_menu_social_hover_links_bg":"","ocean_menu_social_links_color":"","ocean_menu_social_hover_links_color":"","ocean_disable_title":"on","ocean_disable_heading":"default","ocean_post_title":"","ocean_post_subheading":"","ocean_post_title_style":"","ocean_post_title_background_color":"","ocean_post_title_background":0,"ocean_post_title_bg_image_position":"","ocean_post_title_bg_image_attachment":"","ocean_post_title_bg_image_repeat":"","ocean_post_title_bg_image_size":"","ocean_post_title_height":0,"ocean_post_title_bg_overlay":0.5,"ocean_post_title_bg_overlay_color":"","ocean_disable_breadcrumbs":"off","ocean_breadcrumbs_color":"","ocean_breadcrumbs_separator_color":"","ocean_breadcrumbs_links_color":"","ocean_breadcrumbs_links_hover_color":"","ocean_display_footer_widgets":"default","ocean_display_footer_bottom":"default","ocean_custom_footer_template":"0","footnotes":""},"class_list":["post-4701","page","type-page","status-publish","hentry","entry"],"acf":[],"aioseo_notices":[],"_links":{"self":[{"href":"https:\/\/donativosinteligentes.com\/wd\/wp-json\/wp\/v2\/pages\/4701","targetHints":{"allow":["GET"]}}],"collection":[{"href":"https:\/\/donativosinteligentes.com\/wd\/wp-json\/wp\/v2\/pages"}],"about":[{"href":"https:\/\/donativosinteligentes.com\/wd\/wp-json\/wp\/v2\/types\/page"}],"author":[{"embeddable":true,"href":"https:\/\/donativosinteligentes.com\/wd\/wp-json\/wp\/v2\/users\/5"}],"replies":[{"embeddable":true,"href":"https:\/\/donativosinteligentes.com\/wd\/wp-json\/wp\/v2\/comments?post=4701"}],"version-history":[{"count":13,"href":"https:\/\/donativosinteligentes.com\/wd\/wp-json\/wp\/v2\/pages\/4701\/revisions"}],"predecessor-version":[{"id":9091,"href":"https:\/\/donativosinteligentes.com\/wd\/wp-json\/wp\/v2\/pages\/4701\/revisions\/9091"}],"wp:attachment":[{"href":"https:\/\/donativosinteligentes.com\/wd\/wp-json\/wp\/v2\/media?parent=4701"}],"curies":[{"name":"wp","href":"https:\/\/api.w.org\/{rel}","templated":true}]}}